{"id":395,"date":"2022-07-09T16:10:52","date_gmt":"2022-07-09T14:10:52","guid":{"rendered":"https:\/\/sco-angers-triathlon.fr\/?page_id=395"},"modified":"2025-06-13T17:24:17","modified_gmt":"2025-06-13T15:24:17","slug":"rentree-2025-2026","status":"publish","type":"page","link":"https:\/\/sco-angers-triathlon.fr\/index.php\/rentree-2025-2026\/","title":{"rendered":"Rentr\u00e9e 2025-2026"},"content":{"rendered":"<div id=\"pl-395\"  class=\"panel-layout\" ><div id=\"pg-395-0\"  class=\"panel-grid panel-has-style\" ><div class=\"panel-row-style panel-row-style-for-395-0\" ><div id=\"pgc-395-0-0\"  class=\"panel-grid-cell panel-grid-cell-empty\" ><\/div><div id=\"pgc-395-0-1\"  class=\"panel-grid-cell panel-grid-cell-mobile-last\" ><div id=\"panel-395-0-1-0\" class=\"so-panel widget widget_sow-headline panel-first-child\" data-index=\"0\" ><div\n\t\t\t\n\t\t\tclass=\"so-widget-sow-headline so-widget-sow-headline-default-ec1eb4cebc48-395\"\n\t\t\t\n\t\t><div class=\"sow-headline-container \">\n\t\t\t\t\t\t\t<h2 class=\"sow-headline\">\n\t\t\t\t\t\tRENTREE 2025-2026\t\t\t\t\t\t<\/h2>\n\t\t\t\t\t\t\t\t\t\t\t<div class=\"decoration\">\n\t\t\t\t\t\t<div class=\"decoration-inside\"><\/div>\n\t\t\t\t\t<\/div>\n\t\t\t\t\t<\/div>\n<\/div><\/div><div id=\"panel-395-0-1-1\" class=\"so-panel widget widget_sow-editor\" data-index=\"1\" ><div\n\t\t\t\n\t\t\tclass=\"so-widget-sow-editor so-widget-sow-editor-base\"\n\t\t\t\n\t\t>\n<div class=\"siteorigin-widget-tinymce textwidget\">\n\t<\/div>\n<\/div><\/div><div id=\"panel-395-0-1-2\" class=\"so-panel widget widget_sow-editor\" data-index=\"2\" ><div\n\t\t\t\n\t\t\tclass=\"so-widget-sow-editor so-widget-sow-editor-base\"\n\t\t\t\n\t\t>\n<div class=\"siteorigin-widget-tinymce textwidget\">\n\t<p style=\"text-align: center;\"><span style=\"color: #e6007e;\"><strong>LES ADHESIONS<\/strong><\/span><br \/>\nTrois types d\u2019adh\u00e9sion sont propos\u00e9es :<\/p>\n<\/div>\n<\/div><\/div><div id=\"panel-395-0-1-3\" class=\"so-panel widget widget_sow-features\" data-index=\"3\" ><div\n\t\t\t\n\t\t\tclass=\"so-widget-sow-features so-widget-sow-features-default-dfa7a5682fd7-395\"\n\t\t\t\n\t\t><ul\n\tclass=\"sow-features-list\n\tsow-features-responsive\">\n\n\t\t\t<li\n\t\t\tclass=\"sow-features-feature sow-icon-container-position-top\"\n\t\t\tstyle=\"display: flex; flex-direction: column; width: calc(33.333% - 25px);\"\n\t\t>\n\t\t\t\n\t\t\t\t\t\t<div\t\t\t\tclass=\"sow-icon-container sow-container-round\"\n\t\t\t\tstyle=\"color: #ffffff; \"\n\t\t\t\t\n\t\t\t\t\t\t\t>\n\t\t\t\t\t\t\t\t\t\t<div class=\"sow-icon-image\" style=\"background-image: url(https:\/\/sco-angers-triathlon.fr\/wp-content\/uploads\/2022\/08\/bike2.jpg); font-size: 65px\"><\/div>\n\t\t\t\t\t\t\t\t\t<\/div>\n\n\t\t\t<div class=\"textwidget\">\n\t\t\t\t\n\t\t\t\t\t\t\t\t\t<h4 class=\"sow-features-feature-title\">\n\t\t\t\t\t\tFFTri Loisir Adultes\t\t\t\t\t<\/h4>\n\t\t\t\t\n\t\t\t\t\t\t\t\t\t<div class=\"sow-features-feature-text\">\n\t\t\t\t\t<p>Conseill\u00e9e pour la d\u00e9couverte et\/ou pour des inscriptions \u00e9pisodiques sur les formats XS et S en g\u00e9n\u00e9ral<\/p>\n\t\t\t\t\t<\/div>\n\t\t\t\t\t\t\t\t<\/div>\n\t\t\t\t\t\t\t\t<\/li>\n\n\t\t\t<li\n\t\t\tclass=\"sow-features-feature sow-icon-container-position-top\"\n\t\t\tstyle=\"display: flex; flex-direction: column; width: calc(33.333% - 25px);\"\n\t\t>\n\t\t\t\n\t\t\t\t\t\t<div\t\t\t\tclass=\"sow-icon-container sow-container-round\"\n\t\t\t\tstyle=\"color: #ffffff; \"\n\t\t\t\t\n\t\t\t\t\t\t\t>\n\t\t\t\t\t\t\t\t\t\t<div class=\"sow-icon-image\" style=\"background-image: url(https:\/\/sco-angers-triathlon.fr\/wp-content\/uploads\/2022\/08\/run.jpg); font-size: 65px\"><\/div>\n\t\t\t\t\t\t\t\t\t<\/div>\n\n\t\t\t<div class=\"textwidget\">\n\t\t\t\t\n\t\t\t\t\t\t\t\t\t<h4 class=\"sow-features-feature-title\">\n\t\t\t\t\t\tLicence FFTri Comp\u00e9tition\t\t\t\t\t<\/h4>\n\t\t\t\t\n\t\t\t\t\t\t\t\t\t<div class=\"sow-features-feature-text\">\n\t\t\t\t\t<p>Pr\u00e9conis\u00e9e pour les formats plus longs, des inscriptions plus r\u00e9guli\u00e8res, obligatoire pour les \u00e9preuves nationales.<\/p>\n\t\t\t\t\t<\/div>\n\t\t\t\t\t\t\t\t<\/div>\n\t\t\t\t\t\t\t\t<\/li>\n\n\t\t\t<li\n\t\t\tclass=\"sow-features-feature sow-icon-container-position-top\"\n\t\t\tstyle=\"display: flex; flex-direction: column; width: calc(33.333% - 25px);\"\n\t\t>\n\t\t\t\n\t\t\t\t\t\t<div\t\t\t\tclass=\"sow-icon-container sow-container-round\"\n\t\t\t\tstyle=\"color: #ffffff; \"\n\t\t\t\t\n\t\t\t\t\t\t\t>\n\t\t\t\t\t\t\t\t\t\t<div class=\"sow-icon-image\" style=\"background-image: url(https:\/\/sco-angers-triathlon.fr\/wp-content\/uploads\/2022\/08\/swim.jpg); font-size: 65px\"><\/div>\n\t\t\t\t\t\t\t\t\t<\/div>\n\n\t\t\t<div class=\"textwidget\">\n\t\t\t\t\n\t\t\t\t\t\t\t\t\t<h4 class=\"sow-features-feature-title\">\n\t\t\t\t\t\tLicence FFTri Dirigeant\t\t\t\t\t<\/h4>\n\t\t\t\t\n\t\t\t\t\t\t\t\t\t<div class=\"sow-features-feature-text\">\n\t\t\t\t\t<p>Pour des membres b\u00e9n\u00e9voles ou les arbitres ne souhaitant pas s\u2019engager sur une pratique sportive en parall\u00e8le.<\/p>\n\t\t\t\t\t<\/div>\n\t\t\t\t\t\t\t\t<\/div>\n\t\t\t\t\t\t\t\t<\/li>\n\n\t<\/ul>\n<\/div><\/div><div id=\"panel-395-0-1-4\" class=\"so-panel widget widget_sow-editor panel-last-child\" data-index=\"4\" ><div\n\t\t\t\n\t\t\tclass=\"so-widget-sow-editor so-widget-sow-editor-base\"\n\t\t\t\n\t\t>\n<div class=\"siteorigin-widget-tinymce textwidget\">\n\t<p style=\"text-align: center;\">Les adh\u00e9rents optant pour la licence FFTri Comp\u00e9tition sont invit\u00e9s \u00e0 participer \u00e0 un<br \/>\nminimum de 2 \u00e9preuves labellis\u00e9es FFTRI jusqu\u2019au 31\/08\/2026 :<br \/>\n- Sur toutes les \u00e9preuves labellis\u00e9es FFTRI : Triathlon, Duathlon Aquathlon, Course<br \/>\nd\u2019orientation, Swim&amp;Run, Raid, Run and Bike ...<br \/>\n- Sur tous les formats : S, M, L\u2026<br \/>\n- Sur toutes les formes : Individuel, Relais, en \u00e9quipe<\/p>\n<p style=\"text-align: center;\">Pour les jeunes, dans un objectif de dynamisme de l\u2019\u00e9cole de triathlon, seule la licence<br \/>\ncomp\u00e9tition est propos\u00e9e, libre \u00e0 chacun d\u2019effectuer ou non des comp\u00e9titions, mais de<br \/>\nparticiper \u00e0 minima aux rendez-vous Club (stages, Class Tri).<\/p>\n<p>&nbsp;<\/p>\n<h4><\/h4>\n<p style=\"text-align: center;\"><span style=\"color: #e6007e;\"><strong>CO\u00dbT DE L'ADHESION<\/strong><\/span><\/p>\n<p style=\"text-align: center;\">\n<table id=\"tablepress-2\" class=\"tablepress tablepress-id-2\">\n<thead>\n<tr class=\"row-1 odd\">\n\t<th class=\"column-1\">ADHESION<\/th><th class=\"column-2\">COUT ADHESION<\/th>\n<\/tr>\n<\/thead>\n<tbody class=\"row-hover\">\n<tr class=\"row-2 even\">\n\t<td class=\"column-1\">Licence Dirigeant<\/td><td class=\"column-2\">50 \u20ac*<\/td>\n<\/tr>\n<tr class=\"row-3 odd\">\n\t<td class=\"column-1\">Nouvelle Adh\u00e9sion Licence Adulte COMPETITION<\/td><td class=\"column-2\">250 \u20ac*<\/td>\n<\/tr>\n<tr class=\"row-4 even\">\n\t<td class=\"column-1\">Nouvelle Adh\u00e9sion Licence Adulte LOISIR<\/td><td class=\"column-2\">195 \u20ac*<\/td>\n<\/tr>\n<tr class=\"row-5 odd\">\n\t<td class=\"column-1\">Nouvelle Adh\u00e9sion Licence COMPETITION Jeunes (Pupille \u00e0 Cadet)<\/td><td class=\"column-2\">195 \u20ac*<\/td>\n<\/tr>\n<tr class=\"row-6 even\">\n\t<td class=\"column-1\">Nouvelle Adh\u00e9sion Licence COMPETITION Junior<\/td><td class=\"column-2\">250 \u20ac*<\/td>\n<\/tr>\n<tr class=\"row-7 odd\">\n\t<td class=\"column-1\">Renouvellement Licence Adulte COMPETITION<\/td><td class=\"column-2\">230 \u20ac*<\/td>\n<\/tr>\n<tr class=\"row-8 even\">\n\t<td class=\"column-1\">Renouvellement Licence Adulte LOISIR<\/td><td class=\"column-2\">175 \u20ac*<\/td>\n<\/tr>\n<tr class=\"row-9 odd\">\n\t<td class=\"column-1\">Renouvellement Licence COMPETITION Jeunes (Pupille \u00e0 Cadet)<\/td><td class=\"column-2\">175 \u20ac*<\/td>\n<\/tr>\n<tr class=\"row-10 even\">\n\t<td class=\"column-1\">Renouvellement Licence COMPETITION Junior<\/td><td class=\"column-2\">230 \u20ac*<\/td>\n<\/tr>\n<\/tbody>\n<\/table>\n<!-- #tablepress-2 from cache --><\/p>\n<p style=\"text-align: center;\">*hors co\u00fbt assurance individuelle choisie aupr\u00e8s de la FFTri en fonction du choix de couverture (niveau 1 : 2.45\u20ac \/ niveau 2 : 4.61\u20ac \/ niveau 3 : 187,82\u20ac)<br \/>\nDes r\u00e9ductions sont accord\u00e9es aux familles, entra\u00eeneurs et arbitres du club ou militaires membres du CSAD (sur pr\u00e9sentation du justificatif).<\/p>\n<p>&nbsp;<\/p>\n<p style=\"text-align: center;\"><span style=\"color: #e6007e;\"><strong>MODALIT\u00c9S DE PAIEMENT<\/strong><\/span><br \/>\nLes paiements pourront se r\u00e9aliser par :<br \/>\n\u25cf Ch\u00e8que (en une ou plusieurs fois)<br \/>\n\u25cf Ch\u00e8ques vacances ANCV ou ANCV Connect<br \/>\n\u25cf Carte Bleue (lors des permanences)<br \/>\n\u25cf Coupons Sport, Pass Sport<br \/>\n\u25cf Virement<\/p>\n<p>&nbsp;<\/p>\n<p style=\"text-align: center;\">Pour plus d'informations, contacter le secr\u00e9tariat : <a href=\"mailto:secretariat@sco-angers-triathlon.fr\"><span style=\"color: #e6007e;\"><strong>secretariat@sco-angers-triathlon.fr<\/strong><\/span><\/a><\/p>\n<p>&nbsp;<\/p>\n<p style=\"text-align: center;\"><span style=\"color: #e6007e;\"><strong>PAS DE CLUB SANS ENGAGEMENT B\u00c9N\u00c9VOLE !<\/strong><\/span><br \/>\nL\u2019aventure qui se profile se veut associative et solidaire \u2026 si vous avez des app\u00e9tences sportives ou<br \/>\nadministratives ou informatiques ou autres, que vous souhaitez les partager sur un temps plus ou<br \/>\nmoins ponctuel, n\u2019h\u00e9sitez pas \u00e0 nous le faire savoir.<br \/>\nLa dynamique souhait\u00e9e transpara\u00eetra notamment \u00e0 travers des organisations propos\u00e9es en<br \/>\nexterne : WinterSplash, aquathlon, Triathlon, run&amp;bike \u2026 Ces manifestations, dont les retomb\u00e9es<br \/>\nfinanci\u00e8res attendues alimenteront la professionnalisation de notre \u00e9quipe encadrante, seront<br \/>\nport\u00e9es par des B\u00e9n\u00e9voles \u2026 les adh\u00e9rents du SCO ANGERS TRIATHLON entre autres !<br \/>\nNous vous promettons un beau partage d\u2019\u00e9motions sur ces projets de construction commune.<\/p>\n<\/div>\n<\/div><\/div><\/div><div id=\"pgc-395-0-2\"  class=\"panel-grid-cell panel-grid-cell-empty\" ><\/div><\/div><\/div><\/div>","protected":false},"excerpt":{"rendered":"<p>LES ADHESIONS Trois types d\u2019adh\u00e9sion sont propos\u00e9es : Les adh\u00e9rents optant pour la licence FFTri Comp\u00e9tition sont invit\u00e9s \u00e0 participer \u00e0 un minimum de 2 \u00e9preuves labellis\u00e9es FFTRI jusqu\u2019au 31\/08\/2026 : &#8211; Sur toutes les \u00e9preuves labellis\u00e9es FFTRI : Triathlon, Duathlon Aquathlon, Course d\u2019orientation, Swim&amp;Run, Raid, Run and Bike &#8230; &#8211; Sur tous les formats &hellip;<\/p>\n<p class=\"read-more\"> <a class=\"\" href=\"https:\/\/sco-angers-triathlon.fr\/index.php\/rentree-2025-2026\/\"> <span class=\"screen-reader-text\">Rentr\u00e9e 2025-2026<\/span> Lire la suite\u00a0\u00bb<\/a><\/p>\n","protected":false},"author":2,"featured_media":0,"parent":0,"menu_order":0,"comment_status":"closed","ping_status":"closed","template":"","meta":{"site-sidebar-layout":"default","site-content-layout":"default","ast-site-content-layout":"default","site-content-style":"default","site-sidebar-style":"default","ast-global-header-display":"","ast-banner-title-visibility":"","ast-main-header-display":"","ast-hfb-above-header-display":"","ast-hfb-below-header-display":"","ast-hfb-mobile-header-display":"","site-post-title":"","ast-breadcrumbs-content":"","ast-featured-img":"","footer-sml-layout":"","theme-transparent-header-meta":"default","adv-header-id-meta":"","stick-header-meta":"","header-above-stick-meta":"","header-main-stick-meta":"","header-below-stick-meta":"","astra-migrate-meta-layouts":"set","ast-page-background-enabled":"default","ast-page-background-meta":{"desktop":{"background-color":"var(--ast-global-color-4)","background-image":"","background-repeat":"repeat","background-position":"center center","background-size":"auto","background-attachment":"scroll","background-type":"","background-media":"","overlay-type":"","overlay-color":"","overlay-gradient":""},"tablet":{"background-color":"","background-image":"","background-repeat":"repeat","background-position":"center center","background-size":"auto","background-attachment":"scroll","background-type":"","background-media":"","overlay-type":"","overlay-color":"","overlay-gradient":""},"mobile":{"background-color":"","background-image":"","background-repeat":"repeat","background-position":"center center","background-size":"auto","background-attachment":"scroll","background-type":"","background-media":"","overlay-type":"","overlay-color":"","overlay-gradient":""}},"ast-content-background-meta":{"desktop":{"background-color":"var(--ast-global-color-5)","background-image":"","background-repeat":"repeat","background-position":"center center","background-size":"auto","background-attachment":"scroll","background-type":"","background-media":"","overlay-type":"","overlay-color":"","overlay-gradient":""},"tablet":{"background-color":"var(--ast-global-color-5)","background-image":"","background-repeat":"repeat","background-position":"center center","background-size":"auto","background-attachment":"scroll","background-type":"","background-media":"","overlay-type":"","overlay-color":"","overlay-gradient":""},"mobile":{"background-color":"var(--ast-global-color-5)","background-image":"","background-repeat":"repeat","background-position":"center center","background-size":"auto","background-attachment":"scroll","background-type":"","background-media":"","overlay-type":"","overlay-color":"","overlay-gradient":""}},"cybocfi_hide_featured_image":"","footnotes":""},"class_list":["post-395","page","type-page","status-publish","hentry"],"_links":{"self":[{"href":"https:\/\/sco-angers-triathlon.fr\/index.php\/wp-json\/wp\/v2\/pages\/395","targetHints":{"allow":["GET"]}}],"collection":[{"href":"https:\/\/sco-angers-triathlon.fr\/index.php\/wp-json\/wp\/v2\/pages"}],"about":[{"href":"https:\/\/sco-angers-triathlon.fr\/index.php\/wp-json\/wp\/v2\/types\/page"}],"author":[{"embeddable":true,"href":"https:\/\/sco-angers-triathlon.fr\/index.php\/wp-json\/wp\/v2\/users\/2"}],"replies":[{"embeddable":true,"href":"https:\/\/sco-angers-triathlon.fr\/index.php\/wp-json\/wp\/v2\/comments?post=395"}],"version-history":[{"count":88,"href":"https:\/\/sco-angers-triathlon.fr\/index.php\/wp-json\/wp\/v2\/pages\/395\/revisions"}],"predecessor-version":[{"id":3479,"href":"https:\/\/sco-angers-triathlon.fr\/index.php\/wp-json\/wp\/v2\/pages\/395\/revisions\/3479"}],"wp:attachment":[{"href":"https:\/\/sco-angers-triathlon.fr\/index.php\/wp-json\/wp\/v2\/media?parent=395"}],"curies":[{"name":"wp","href":"https:\/\/api.w.org\/{rel}","templated":true}]}}